{"id":1015,"date":"2017-02-27T11:29:04","date_gmt":"2017-02-27T10:29:04","guid":{"rendered":"http:\/\/jiwa.adaptonline.se\/brandisolerade-forvaringsskap\/"},"modified":"2017-07-11T10:09:25","modified_gmt":"2017-07-11T09:09:25","slug":"brandisolerade-forvaringsskap","status":"publish","type":"product","link":"https:\/\/www.jiwa.se\/en\/storage-cabinets\/filing-cabinet\/brandisolerade-forvaringsskap\/","title":{"rendered":"Fire Isolated Storage Cabinet"},"content":{"rendered":"<div class=\"wpb-content-wrapper\"><p>[vc_row row_type=&#8221;row&#8221; use_row_as_full_screen_section=&#8221;no&#8221; type=&#8221;full_width&#8221; text_align=&#8221;left&#8221; css_animation=&#8221;&#8221;][vc_column width=&#8221;2\/3&#8243; css=&#8221;.vc_custom_1488980450748{border-right-width: 1px !important;padding-top: 0px !important;border-right-style: solid !important;}&#8221;][vc_column_text]<strong>F2004B with isolated back is fire-tested by SP according to SP method 2369 with regards to outer fire-impact.<\/strong><\/p>\n<p>The storage cabinets can be used for instruments, accounting, electrical apparature ect. To delay the spread of fire in sensitivte enviroments and for storage in connection with evacuation paths in schools, hospitals, offices, industries ect.<\/p>\n<p>Reinforced storage cabinet, fire-isolation (Euroclass A1) between double steel plates in doors, gabels, top and bottom. Flameproof powder-coating. door-handles equipped with inflection point.<\/p>\n<p>Barrings are welded on the inside of the doors on the hinge-side. The doors are equipped with a reinforced profile that lies directly against the shelves when the doors are closed. The cabinet is fitted with heavy duty espagnolette-locking and cylinder lock. For storage of valuables see our fire-rated cabinets.[\/vc_column_text][vc_empty_space height=&#8221;15px&#8221;][\/vc_column][vc_column width=&#8221;1\/3&#8243;][vc_column_text]<\/p>\n<h6><strong>Trials done by The Technical Research Institute of Sweden (SP)<br \/>\n<\/strong><\/h6>\n<h6><span style=\"font-size: 8pt; font-family: times new roman,times,serif;\">&#8211; Modell F2004 with isolated back is tested with resoect to external fire according to SP method 2369. No internal fire test has been made as the locker isn&#8217;t equipped with a door-closer. SP rapport 98B1,0718 rev.<\/span><br \/>\n<span style=\"font-size: 8pt; font-family: times new roman,times,serif;\">&#8211; Stability and durability according to SS-EN 14073-3<\/span><br \/>\n<span style=\"font-size: 8pt; font-family: times new roman,times,serif;\">&#8211; Security demands according to SS-EN 14073-2<\/span><br \/>\n<span style=\"font-size: 8pt; font-family: times new roman,times,serif;\">&#8211; Durability of moving parts according to SS-EN 140747777<\/span><br \/>\n<span style=\"font-size: 8pt; font-family: times new roman,times,serif;\">&#8211; Determination of strength and durability ISO 7170:2005<\/span><br \/>\n<span style=\"font-size: 8pt; font-family: times new roman,times,serif;\">&#8211; quality according to SS83 90 30 edition 3<\/span><br \/>\n<span style=\"font-size: 8pt; font-family: times new roman,times,serif;\">&#8211; Compliant with M\u00f6belfaktas extra high demands on surface durability<br \/>\n<\/span><\/h6>\n<p><strong>\u00a0<\/strong>[\/vc_column_text][\/vc_column][\/vc_row][vc_row row_type=&#8221;row&#8221; use_row_as_full_screen_section=&#8221;no&#8221; type=&#8221;full_width&#8221; text_align=&#8221;left&#8221; css_animation=&#8221;&#8221;][vc_column width=&#8221;1\/4&#8243;][vc_single_image image=&#8221;69&#8243; img_size=&#8221;full&#8221; alignment=&#8221;center&#8221; qode_css_animation=&#8221;&#8221;][\/vc_column][vc_column width=&#8221;1\/4&#8243;][vc_single_image image=&#8221;696&#8243; img_size=&#8221;full&#8221; qode_css_animation=&#8221;&#8221;][\/vc_column][vc_column width=&#8221;1\/2&#8243;][vc_single_image image=&#8221;437&#8243; img_size=&#8221;full&#8221; alignment=&#8221;center&#8221; qode_css_animation=&#8221;&#8221;][\/vc_column][\/vc_row][vc_row row_type=&#8221;row&#8221; use_row_as_full_screen_section=&#8221;no&#8221; type=&#8221;full_width&#8221; text_align=&#8221;left&#8221; css_animation=&#8221;&#8221; el_class=&#8221;woo-art&#8221;][vc_column width=&#8221;1\/2&#8243; css=&#8221;.vc_custom_1487840370326{border-right-width: 1px !important;padding-top: 0px !important;border-right-color: #dbdbdb !important;border-right-style: solid !important;}&#8221;][vc_empty_space height=&#8221;15px&#8221;][vc_separator type=&#8221;full_width&#8221; color=&#8221;#dbdbdb&#8221; border_style=&#8221;solid&#8221; thickness=&#8221;1px&#8221;][vc_column_text]<strong>ITEM NO:<\/strong> F2006B<br \/>\n<strong>EXT. MEASUREMENTS:<\/strong> H2095 x W1000 x D600 mm.<br \/>\n<strong>INT. MEASUREMENTS:<\/strong> H1930 x W925 x D560 mm.<br \/>\n<strong>NO OF SHELVES:<\/strong> 5<br \/>\n<strong>WEIGHT:<\/strong> 145 kg[\/vc_column_text][vc_separator type=&#8221;full_width&#8221; color=&#8221;#dbdbdb&#8221; border_style=&#8221;solid&#8221; thickness=&#8221;1px&#8221;][vc_column_text]<strong>ITEM NO:<\/strong> F2004B<br \/>\n<strong>EXT. MEASUREMENTS:<\/strong> H2095 x W1000 x D450 mm.<br \/>\n<strong>INT. MEASUREMENTS:<\/strong> H1930 x W925 x D410 mm.<br \/>\n<strong>NO OF SHELVES:<\/strong> 5<br \/>\n<strong>WEIGHT:<\/strong> 125 kg[\/vc_column_text][vc_separator type=&#8221;full_width&#8221; color=&#8221;#dbdbdb&#8221; border_style=&#8221;solid&#8221; thickness=&#8221;1px&#8221;][vc_column_text]<strong>ITEM NO:<\/strong> F1204E<br \/>\n<strong>EXT. MEASUREMENTS:<\/strong> H1295 x W1000 x D450 mm.<br \/>\n<strong>INT. MEASUREMENTS:<\/strong> H1130 x W925 x D410 mm.<br \/>\n<strong>NO OF SHELVES:<\/strong> 3<br \/>\n<strong>WEIGHT:<\/strong> 85 kg[\/vc_column_text][vc_separator type=&#8221;full_width&#8221; color=&#8221;#dbdbdb&#8221; border_style=&#8221;solid&#8221; thickness=&#8221;1px&#8221;][vc_column_text]<strong>ITEM NO:<\/strong> F806G<br \/>\n<strong>EXT. MEASUREMENTS:<\/strong> H895 x W1000 x D600 mm.<br \/>\n<strong>INT. MEASUREMENTS:<\/strong> H730 x W925 x D560 mm.<br \/>\n<strong>NO OF SHELVES:<\/strong> 1<br \/>\n<strong>WEIGHT:<\/strong> 75 kg[\/vc_column_text][vc_separator type=&#8221;full_width&#8221; color=&#8221;#dbdbdb&#8221; border_style=&#8221;solid&#8221; thickness=&#8221;1px&#8221;][vc_column_text]<strong>ITEM NO:<\/strong> F804G<br \/>\n<strong>EXT. MEASUREMENTS:<\/strong> H895 x W1000 x D450 mm.<br \/>\n<strong>INT. MEASUREMENTS:<\/strong> H730 x W925 x D410 mm.<br \/>\n<strong>NO OF SHELVES:<\/strong> 1<br \/>\n<strong>WEIGHT:<\/strong> 60 kg[\/vc_column_text][vc_separator type=&#8221;full_width&#8221; color=&#8221;#dbdbdb&#8221; border_style=&#8221;solid&#8221; thickness=&#8221;1px&#8221;][vc_column_text]<strong>ITEM NO:<\/strong> F803G<br \/>\n<strong>EXT. MEASUREMENTS:<\/strong> H895 x W1000 x D300 mm.<br \/>\n<strong>INT. MEASUREMENTS:<\/strong> H730 x W925 x D275 mm.<br \/>\n<strong>NO OF SHELVES:<\/strong> 1<br \/>\n<strong>WEIGHT:<\/strong> 50 kg[\/vc_column_text][vc_separator type=&#8221;full_width&#8221; color=&#8221;#dbdbdb&#8221; border_style=&#8221;solid&#8221; thickness=&#8221;1px&#8221;][vc_empty_space height=&#8221;15px&#8221;][\/vc_column][vc_column width=&#8221;1\/2&#8243;][vc_empty_space height=&#8221;15px&#8221;][vc_separator type=&#8221;full_width&#8221; color=&#8221;#dbdbdb&#8221; border_style=&#8221;solid&#8221; thickness=&#8221;1px&#8221;][vc_column_text]<\/p>\n<h4>Fittings<\/h4>\n<p>[\/vc_column_text][vc_column_text]<strong>ITEM NO:<\/strong> KL<br \/>\n<strong>DESCRIPTION:<\/strong> Electronic safety handle.[\/vc_column_text][vc_column_text]<strong>ITEM NO:<\/strong> F06<br \/>\n<strong>DESCRIPTION:<\/strong> Shelf, depth 600 mm.[\/vc_column_text][vc_column_text]<strong>ITEM NO:<\/strong> F04<br \/>\n<strong>DESCRIPTION:<\/strong> Shelf, depth 450 mm.[\/vc_column_text][vc_column_text]<strong>ITEM NO:<\/strong> F03<br \/>\n<strong>DESCRIPTION:<\/strong> Shelf, depth 300 mm.[\/vc_column_text][vc_column_text]<strong>ITEM NO:<\/strong> FUH 06<br \/>\n<strong>DESCRIPTION:<\/strong>\u00a0 Exensible shelf for depth 600 mm.[\/vc_column_text][vc_column_text]<strong>ITEM NO:<\/strong> FUH 04<br \/>\n<strong>DESCRIPTION:<\/strong>\u00a0 Exensible shelf for depth 450 mm.[\/vc_column_text][vc_column_text]<strong>ITEM NO:<\/strong> FHR<br \/>\n<strong>DESCRIPTION:<\/strong> Hanging file folder frame (For depth 450 mm)[\/vc_column_text][vc_separator type=&#8221;full_width&#8221; color=&#8221;#dbdbdb&#8221; border_style=&#8221;solid&#8221; thickness=&#8221;1px&#8221;][vc_empty_space height=&#8221;15px&#8221;][vc_row_inner row_type=&#8221;row&#8221; type=&#8221;full_width&#8221; use_row_as_full_screen_section_slide=&#8221;no&#8221; text_align=&#8221;left&#8221; css_animation=&#8221;&#8221;][vc_column_inner width=&#8221;1\/4&#8243;][vc_empty_space height=&#8221;5px&#8221;][vc_single_image image=&#8221;208&#8243; img_size=&#8221;full&#8221; alignment=&#8221;center&#8221; onclick=&#8221;custom_link&#8221; img_link_target=&#8221;_blank&#8221; qode_css_animation=&#8221;&#8221; link=&#8221;https:\/\/www.jiwa.se\/wp-content\/uploads\/2017\/02\/b1-brandisolerade-forv-skap.pdf&#8221;][\/vc_column_inner][vc_column_inner width=&#8221;3\/4&#8243;][vc_column_text]<a href=\"https:\/\/www.jiwa.se\/wp-content\/uploads\/2017\/02\/b1-brandisolerade-forv-skap.pdf\" target=\"_blank\" rel=\"noopener\">Download product sheet &#8211; Fire Isolated Storage Cabinet (Swedish text)<\/a>[\/vc_column_text][\/vc_column_inner][\/vc_row_inner][\/vc_column][\/vc_row]<\/p>\n<\/div>","protected":false},"excerpt":{"rendered":"<p>Reinforced storage locker<\/p>\n","protected":false},"featured_media":4716,"comment_status":"closed","ping_status":"closed","template":"","meta":{"_acf_changed":false},"product_brand":[],"product_cat":[52,49],"product_tag":[],"class_list":{"0":"post-1015","1":"product","2":"type-product","3":"status-publish","4":"has-post-thumbnail","6":"product_cat-lockers","7":"product_cat-filing-cabinet","9":"first","10":"instock","11":"taxable","12":"shipping-taxable","13":"product-type-simple"},"acf":[],"yoast_head":"<!-- This site is optimized with the Yoast SEO plugin v27.1.1 - https:\/\/yoast.com\/product\/yoast-seo-wordpress\/ -->\n<title>Fire Isolated Storage Cabinet - JiWa<\/title>\n<meta name=\"robots\" content=\"index, follow, max-snippet:-1, max-image-preview:large, max-video-preview:-1\" \/>\n<link rel=\"canonical\" href=\"https:\/\/www.jiwa.se\/en\/storage-cabinets\/filing-cabinet\/brandisolerade-forvaringsskap\/\" \/>\n<meta property=\"og:locale\" content=\"en_US\" \/>\n<meta property=\"og:type\" content=\"article\" \/>\n<meta property=\"og:title\" content=\"Fire Isolated Storage Cabinet - JiWa\" \/>\n<meta property=\"og:description\" content=\"Reinforced storage locker\" \/>\n<meta property=\"og:url\" content=\"https:\/\/www.jiwa.se\/en\/storage-cabinets\/filing-cabinet\/brandisolerade-forvaringsskap\/\" \/>\n<meta property=\"og:site_name\" content=\"JiWa\" \/>\n<meta property=\"article:modified_time\" content=\"2017-07-11T09:09:25+00:00\" \/>\n<meta property=\"og:image\" content=\"https:\/\/www.jiwa.se\/wp-content\/uploads\/2017\/02\/F2006-scaled.jpg\" \/>\n\t<meta property=\"og:image:width\" content=\"1700\" \/>\n\t<meta property=\"og:image:height\" content=\"2560\" \/>\n\t<meta property=\"og:image:type\" content=\"image\/jpeg\" \/>\n<meta name=\"twitter:card\" content=\"summary_large_image\" \/>\n<meta name=\"twitter:label1\" content=\"Est. reading time\" \/>\n\t<meta name=\"twitter:data1\" content=\"5 minutes\" \/>\n<script type=\"application\/ld+json\" class=\"yoast-schema-graph\">{\"@context\":\"https:\/\/schema.org\",\"@graph\":[{\"@type\":\"WebPage\",\"@id\":\"https:\/\/www.jiwa.se\/en\/storage-cabinets\/filing-cabinet\/brandisolerade-forvaringsskap\/\",\"url\":\"https:\/\/www.jiwa.se\/en\/storage-cabinets\/filing-cabinet\/brandisolerade-forvaringsskap\/\",\"name\":\"Fire Isolated Storage Cabinet - JiWa\",\"isPartOf\":{\"@id\":\"https:\/\/www.jiwa.se\/en\/#website\"},\"primaryImageOfPage\":{\"@id\":\"https:\/\/www.jiwa.se\/en\/storage-cabinets\/filing-cabinet\/brandisolerade-forvaringsskap\/#primaryimage\"},\"image\":{\"@id\":\"https:\/\/www.jiwa.se\/en\/storage-cabinets\/filing-cabinet\/brandisolerade-forvaringsskap\/#primaryimage\"},\"thumbnailUrl\":\"https:\/\/www.jiwa.se\/wp-content\/uploads\/2017\/02\/F2006-scaled.jpg\",\"datePublished\":\"2017-02-27T10:29:04+00:00\",\"dateModified\":\"2017-07-11T09:09:25+00:00\",\"breadcrumb\":{\"@id\":\"https:\/\/www.jiwa.se\/en\/storage-cabinets\/filing-cabinet\/brandisolerade-forvaringsskap\/#breadcrumb\"},\"inLanguage\":\"en-US\",\"potentialAction\":[{\"@type\":\"ReadAction\",\"target\":[\"https:\/\/www.jiwa.se\/en\/storage-cabinets\/filing-cabinet\/brandisolerade-forvaringsskap\/\"]}]},{\"@type\":\"ImageObject\",\"inLanguage\":\"en-US\",\"@id\":\"https:\/\/www.jiwa.se\/en\/storage-cabinets\/filing-cabinet\/brandisolerade-forvaringsskap\/#primaryimage\",\"url\":\"https:\/\/www.jiwa.se\/wp-content\/uploads\/2017\/02\/F2006-scaled.jpg\",\"contentUrl\":\"https:\/\/www.jiwa.se\/wp-content\/uploads\/2017\/02\/F2006-scaled.jpg\",\"width\":1700,\"height\":2560,\"caption\":\"F2006B\"},{\"@type\":\"BreadcrumbList\",\"@id\":\"https:\/\/www.jiwa.se\/en\/storage-cabinets\/filing-cabinet\/brandisolerade-forvaringsskap\/#breadcrumb\",\"itemListElement\":[{\"@type\":\"ListItem\",\"position\":1,\"name\":\"JIWA\",\"item\":\"https:\/\/www.jiwa.se\/en\/\"},{\"@type\":\"ListItem\",\"position\":2,\"name\":\"Produkter\",\"item\":\"https:\/\/www.jiwa.se\/butik\/\"},{\"@type\":\"ListItem\",\"position\":3,\"name\":\"F\u00f6rvaringssk\u00e5p &amp; \u00f6vring f\u00f6rvaring\",\"item\":\"https:\/\/www.jiwa.se\/forvaringsskap-och-ovrig-forvaring\/\"},{\"@type\":\"ListItem\",\"position\":4,\"name\":\"F\u00f6rvaringssk\u00e5p\",\"item\":\"https:\/\/www.jiwa.se\/forvaringsskap-och-ovrig-forvaring\/forvaringsskap\/\"},{\"@type\":\"ListItem\",\"position\":5,\"name\":\"Fire Isolated Storage Cabinet\"}]},{\"@type\":\"WebSite\",\"@id\":\"https:\/\/www.jiwa.se\/en\/#website\",\"url\":\"https:\/\/www.jiwa.se\/en\/\",\"name\":\"JiWa\",\"description\":\"\",\"potentialAction\":[{\"@type\":\"SearchAction\",\"target\":{\"@type\":\"EntryPoint\",\"urlTemplate\":\"https:\/\/www.jiwa.se\/en\/?s={search_term_string}\"},\"query-input\":{\"@type\":\"PropertyValueSpecification\",\"valueRequired\":true,\"valueName\":\"search_term_string\"}}],\"inLanguage\":\"en-US\"}]}<\/script>\n<!-- \/ Yoast SEO plugin. -->","yoast_head_json":{"title":"Fire Isolated Storage Cabinet - JiWa","robots":{"index":"index","follow":"follow","max-snippet":"max-snippet:-1","max-image-preview":"max-image-preview:large","max-video-preview":"max-video-preview:-1"},"canonical":"https:\/\/www.jiwa.se\/en\/storage-cabinets\/filing-cabinet\/brandisolerade-forvaringsskap\/","og_locale":"en_US","og_type":"article","og_title":"Fire Isolated Storage Cabinet - JiWa","og_description":"Reinforced storage locker","og_url":"https:\/\/www.jiwa.se\/en\/storage-cabinets\/filing-cabinet\/brandisolerade-forvaringsskap\/","og_site_name":"JiWa","article_modified_time":"2017-07-11T09:09:25+00:00","og_image":[{"width":1700,"height":2560,"url":"https:\/\/www.jiwa.se\/wp-content\/uploads\/2017\/02\/F2006-scaled.jpg","type":"image\/jpeg"}],"twitter_card":"summary_large_image","twitter_misc":{"Est. reading time":"5 minutes"},"schema":{"@context":"https:\/\/schema.org","@graph":[{"@type":"WebPage","@id":"https:\/\/www.jiwa.se\/en\/storage-cabinets\/filing-cabinet\/brandisolerade-forvaringsskap\/","url":"https:\/\/www.jiwa.se\/en\/storage-cabinets\/filing-cabinet\/brandisolerade-forvaringsskap\/","name":"Fire Isolated Storage Cabinet - JiWa","isPartOf":{"@id":"https:\/\/www.jiwa.se\/en\/#website"},"primaryImageOfPage":{"@id":"https:\/\/www.jiwa.se\/en\/storage-cabinets\/filing-cabinet\/brandisolerade-forvaringsskap\/#primaryimage"},"image":{"@id":"https:\/\/www.jiwa.se\/en\/storage-cabinets\/filing-cabinet\/brandisolerade-forvaringsskap\/#primaryimage"},"thumbnailUrl":"https:\/\/www.jiwa.se\/wp-content\/uploads\/2017\/02\/F2006-scaled.jpg","datePublished":"2017-02-27T10:29:04+00:00","dateModified":"2017-07-11T09:09:25+00:00","breadcrumb":{"@id":"https:\/\/www.jiwa.se\/en\/storage-cabinets\/filing-cabinet\/brandisolerade-forvaringsskap\/#breadcrumb"},"inLanguage":"en-US","potentialAction":[{"@type":"ReadAction","target":["https:\/\/www.jiwa.se\/en\/storage-cabinets\/filing-cabinet\/brandisolerade-forvaringsskap\/"]}]},{"@type":"ImageObject","inLanguage":"en-US","@id":"https:\/\/www.jiwa.se\/en\/storage-cabinets\/filing-cabinet\/brandisolerade-forvaringsskap\/#primaryimage","url":"https:\/\/www.jiwa.se\/wp-content\/uploads\/2017\/02\/F2006-scaled.jpg","contentUrl":"https:\/\/www.jiwa.se\/wp-content\/uploads\/2017\/02\/F2006-scaled.jpg","width":1700,"height":2560,"caption":"F2006B"},{"@type":"BreadcrumbList","@id":"https:\/\/www.jiwa.se\/en\/storage-cabinets\/filing-cabinet\/brandisolerade-forvaringsskap\/#breadcrumb","itemListElement":[{"@type":"ListItem","position":1,"name":"JIWA","item":"https:\/\/www.jiwa.se\/en\/"},{"@type":"ListItem","position":2,"name":"Produkter","item":"https:\/\/www.jiwa.se\/butik\/"},{"@type":"ListItem","position":3,"name":"F\u00f6rvaringssk\u00e5p &amp; \u00f6vring f\u00f6rvaring","item":"https:\/\/www.jiwa.se\/forvaringsskap-och-ovrig-forvaring\/"},{"@type":"ListItem","position":4,"name":"F\u00f6rvaringssk\u00e5p","item":"https:\/\/www.jiwa.se\/forvaringsskap-och-ovrig-forvaring\/forvaringsskap\/"},{"@type":"ListItem","position":5,"name":"Fire Isolated Storage Cabinet"}]},{"@type":"WebSite","@id":"https:\/\/www.jiwa.se\/en\/#website","url":"https:\/\/www.jiwa.se\/en\/","name":"JiWa","description":"","potentialAction":[{"@type":"SearchAction","target":{"@type":"EntryPoint","urlTemplate":"https:\/\/www.jiwa.se\/en\/?s={search_term_string}"},"query-input":{"@type":"PropertyValueSpecification","valueRequired":true,"valueName":"search_term_string"}}],"inLanguage":"en-US"}]}},"_links":{"self":[{"href":"https:\/\/www.jiwa.se\/en\/wp-json\/wp\/v2\/product\/1015","targetHints":{"allow":["GET"]}}],"collection":[{"href":"https:\/\/www.jiwa.se\/en\/wp-json\/wp\/v2\/product"}],"about":[{"href":"https:\/\/www.jiwa.se\/en\/wp-json\/wp\/v2\/types\/product"}],"replies":[{"embeddable":true,"href":"https:\/\/www.jiwa.se\/en\/wp-json\/wp\/v2\/comments?post=1015"}],"wp:featuredmedia":[{"embeddable":true,"href":"https:\/\/www.jiwa.se\/en\/wp-json\/wp\/v2\/media\/4716"}],"wp:attachment":[{"href":"https:\/\/www.jiwa.se\/en\/wp-json\/wp\/v2\/media?parent=1015"}],"wp:term":[{"taxonomy":"product_brand","embeddable":true,"href":"https:\/\/www.jiwa.se\/en\/wp-json\/wp\/v2\/product_brand?post=1015"},{"taxonomy":"product_cat","embeddable":true,"href":"https:\/\/www.jiwa.se\/en\/wp-json\/wp\/v2\/product_cat?post=1015"},{"taxonomy":"product_tag","embeddable":true,"href":"https:\/\/www.jiwa.se\/en\/wp-json\/wp\/v2\/product_tag?post=1015"}],"curies":[{"name":"wp","href":"https:\/\/api.w.org\/{rel}","templated":true}]}}