{"id":1009,"date":"2017-02-27T13:57:52","date_gmt":"2017-02-27T12:57:52","guid":{"rendered":"http:\/\/jiwa.adaptonline.se\/utomhusskap\/"},"modified":"2017-06-20T09:53:59","modified_gmt":"2017-06-20T08:53:59","slug":"utomhusskap","status":"publish","type":"product","link":"https:\/\/www.jiwa.se\/en\/chemical-and-gas-cabinets\/chemical-management-and-spillage-protection\/utomhusskap\/","title":{"rendered":"Outdoor cabinet"},"content":{"rendered":"<div class=\"wpb-content-wrapper\"><p>[vc_row row_type=&#8221;row&#8221; use_row_as_full_screen_section=&#8221;no&#8221; type=&#8221;full_width&#8221; text_align=&#8221;left&#8221; css_animation=&#8221;&#8221;][vc_column][vc_column_text]JiWa Outdoor Cabinets are made from galvanized sheet metal. The galvanization protects the cabinets from corrosion. Intended for storage of tools and such outside. Espagnolette lock incl. two keys.[\/vc_column_text][vc_empty_space height=&#8221;15px&#8221;][\/vc_column][\/vc_row][vc_row row_type=&#8221;row&#8221; use_row_as_full_screen_section=&#8221;no&#8221; type=&#8221;full_width&#8221; text_align=&#8221;left&#8221; css_animation=&#8221;&#8221;][vc_column width=&#8221;1\/6&#8243;][vc_single_image image=&#8221;69&#8243; img_size=&#8221;full&#8221; alignment=&#8221;center&#8221; qode_css_animation=&#8221;&#8221;][\/vc_column][vc_column width=&#8221;1\/6&#8243;][\/vc_column][vc_column width=&#8221;1\/6&#8243;][\/vc_column][vc_column width=&#8221;1\/6&#8243;][\/vc_column][vc_column width=&#8221;1\/6&#8243;][\/vc_column][vc_column width=&#8221;1\/6&#8243;][\/vc_column][\/vc_row][vc_row row_type=&#8221;row&#8221; use_row_as_full_screen_section=&#8221;no&#8221; type=&#8221;full_width&#8221; text_align=&#8221;left&#8221; css_animation=&#8221;&#8221; el_class=&#8221;woo-art&#8221;][vc_column width=&#8221;1\/2&#8243; css=&#8221;.vc_custom_1487840370326{border-right-width: 1px !important;padding-top: 0px !important;border-right-color: #dbdbdb !important;border-right-style: solid !important;}&#8221;][vc_empty_space height=&#8221;15px&#8221;][vc_separator type=&#8221;full_width&#8221; color=&#8221;#dbdbdb&#8221; border_style=&#8221;solid&#8221; thickness=&#8221;1px&#8221;][vc_column_text]<strong>ITEM NO:<\/strong> US 2050<br \/>\n<strong>EXT. MEASUREMENTS:<\/strong> H2050 x W960 x D476 mm.<br \/>\n<strong>INT. MEASUREMENTS:<\/strong> H1900 x W954 x D450 mm.<br \/>\n<strong>WEIGHT:<\/strong> 80 kg[\/vc_column_text][vc_separator type=&#8221;full_width&#8221; color=&#8221;#dbdbdb&#8221; border_style=&#8221;solid&#8221; thickness=&#8221;1px&#8221;][vc_column_text]<strong>ITEM NO:<\/strong> US 1050<br \/>\n<strong>EXT. MEASUREMENTS:<\/strong> H1050 x W960 x D476 mm.<br \/>\n<strong>INT. MEASUREMENTS:<\/strong> H900 x W954 x D450 mm.<br \/>\n<strong>WEIGHT:<\/strong> 45 kg[\/vc_column_text][vc_separator type=&#8221;full_width&#8221; color=&#8221;#dbdbdb&#8221; border_style=&#8221;solid&#8221; thickness=&#8221;1px&#8221;][vc_empty_space height=&#8221;15px&#8221;][\/vc_column][vc_column width=&#8221;1\/2&#8243;][vc_empty_space height=&#8221;15px&#8221;][vc_separator type=&#8221;full_width&#8221; color=&#8221;#dbdbdb&#8221; border_style=&#8221;solid&#8221; thickness=&#8221;1px&#8221;][vc_column_text]<strong>FITTINGS<\/strong>[\/vc_column_text][vc_column_text]<strong>ITEM NO:<\/strong> USH<br \/>\nShelf for US 1050 &amp; 2050[\/vc_column_text][vc_column_text]<strong>ITEM NO:<\/strong> USL<br \/>\nCollection trough for US 1050 &amp; 2050<br \/>\nCollection volume: 45 litres[\/vc_column_text][vc_separator type=&#8221;full_width&#8221; color=&#8221;#dbdbdb&#8221; border_style=&#8221;solid&#8221; thickness=&#8221;1px&#8221;][vc_empty_space height=&#8221;15px&#8221;][vc_row_inner row_type=&#8221;row&#8221; type=&#8221;full_width&#8221; use_row_as_full_screen_section_slide=&#8221;no&#8221; text_align=&#8221;left&#8221; css_animation=&#8221;&#8221;][vc_column_inner width=&#8221;1\/4&#8243;][vc_empty_space height=&#8221;5px&#8221;][vc_single_image image=&#8221;208&#8243; img_size=&#8221;full&#8221; alignment=&#8221;center&#8221; onclick=&#8221;custom_link&#8221; img_link_target=&#8221;_blank&#8221; qode_css_animation=&#8221;&#8221; link=&#8221;https:\/\/www.jiwa.se\/wp-content\/uploads\/2017\/02\/b4-utomhusskap.pdf&#8221;][\/vc_column_inner][vc_column_inner width=&#8221;3\/4&#8243;][vc_column_text]<a href=\"https:\/\/www.jiwa.se\/wp-content\/uploads\/2017\/02\/b4-utomhusskap.pdf\" target=\"_blank\" rel=\"noopener noreferrer\">Download product sheet -Outdoor cabinet (Swedish text)<\/a>[\/vc_column_text][\/vc_column_inner][\/vc_row_inner][\/vc_column][\/vc_row]<\/p>\n<\/div>","protected":false},"excerpt":{"rendered":"<p>Made from galvanized sheet metal for outdoor storage<\/p>\n","protected":false},"featured_media":586,"comment_status":"closed","ping_status":"closed","template":"","meta":{"_acf_changed":false},"product_brand":[],"product_cat":[42,51],"product_tag":[],"class_list":{"0":"post-1009","1":"product","2":"type-product","3":"status-publish","4":"has-post-thumbnail","6":"product_cat-storage-cabinets","7":"product_cat-storeroom-containers","9":"first","10":"instock","11":"taxable","12":"shipping-taxable","13":"product-type-simple"},"acf":[],"yoast_head":"<!-- This site is optimized with the Yoast SEO plugin v27.1.1 - https:\/\/yoast.com\/product\/yoast-seo-wordpress\/ -->\n<title>Outdoor cabinet - JiWa<\/title>\n<meta name=\"robots\" content=\"index, follow, max-snippet:-1, max-image-preview:large, max-video-preview:-1\" \/>\n<link rel=\"canonical\" href=\"https:\/\/www.jiwa.se\/en\/chemical-and-gas-cabinets\/chemical-management-and-spillage-protection\/utomhusskap\/\" \/>\n<meta property=\"og:locale\" content=\"en_US\" \/>\n<meta property=\"og:type\" content=\"article\" \/>\n<meta property=\"og:title\" content=\"Outdoor cabinet - JiWa\" \/>\n<meta property=\"og:description\" content=\"Made from galvanized sheet metal for outdoor storage\" \/>\n<meta property=\"og:url\" content=\"https:\/\/www.jiwa.se\/en\/chemical-and-gas-cabinets\/chemical-management-and-spillage-protection\/utomhusskap\/\" \/>\n<meta property=\"og:site_name\" content=\"JiWa\" \/>\n<meta property=\"article:modified_time\" content=\"2017-06-20T08:53:59+00:00\" \/>\n<meta property=\"og:image\" content=\"https:\/\/www.jiwa.se\/wp-content\/uploads\/2017\/02\/us2050.jpg\" \/>\n\t<meta property=\"og:image:width\" content=\"800\" \/>\n\t<meta property=\"og:image:height\" content=\"1074\" \/>\n\t<meta property=\"og:image:type\" content=\"image\/jpeg\" \/>\n<meta name=\"twitter:card\" content=\"summary_large_image\" \/>\n<meta name=\"twitter:label1\" content=\"Est. reading time\" \/>\n\t<meta name=\"twitter:data1\" content=\"2 minutes\" \/>\n<script type=\"application\/ld+json\" class=\"yoast-schema-graph\">{\"@context\":\"https:\/\/schema.org\",\"@graph\":[{\"@type\":\"WebPage\",\"@id\":\"https:\/\/www.jiwa.se\/en\/chemical-and-gas-cabinets\/chemical-management-and-spillage-protection\/utomhusskap\/\",\"url\":\"https:\/\/www.jiwa.se\/en\/chemical-and-gas-cabinets\/chemical-management-and-spillage-protection\/utomhusskap\/\",\"name\":\"Outdoor cabinet - JiWa\",\"isPartOf\":{\"@id\":\"https:\/\/www.jiwa.se\/en\/#website\"},\"primaryImageOfPage\":{\"@id\":\"https:\/\/www.jiwa.se\/en\/chemical-and-gas-cabinets\/chemical-management-and-spillage-protection\/utomhusskap\/#primaryimage\"},\"image\":{\"@id\":\"https:\/\/www.jiwa.se\/en\/chemical-and-gas-cabinets\/chemical-management-and-spillage-protection\/utomhusskap\/#primaryimage\"},\"thumbnailUrl\":\"https:\/\/www.jiwa.se\/wp-content\/uploads\/2017\/02\/us2050.jpg\",\"datePublished\":\"2017-02-27T12:57:52+00:00\",\"dateModified\":\"2017-06-20T08:53:59+00:00\",\"breadcrumb\":{\"@id\":\"https:\/\/www.jiwa.se\/en\/chemical-and-gas-cabinets\/chemical-management-and-spillage-protection\/utomhusskap\/#breadcrumb\"},\"inLanguage\":\"en-US\",\"potentialAction\":[{\"@type\":\"ReadAction\",\"target\":[\"https:\/\/www.jiwa.se\/en\/chemical-and-gas-cabinets\/chemical-management-and-spillage-protection\/utomhusskap\/\"]}]},{\"@type\":\"ImageObject\",\"inLanguage\":\"en-US\",\"@id\":\"https:\/\/www.jiwa.se\/en\/chemical-and-gas-cabinets\/chemical-management-and-spillage-protection\/utomhusskap\/#primaryimage\",\"url\":\"https:\/\/www.jiwa.se\/wp-content\/uploads\/2017\/02\/us2050.jpg\",\"contentUrl\":\"https:\/\/www.jiwa.se\/wp-content\/uploads\/2017\/02\/us2050.jpg\",\"width\":800,\"height\":1074,\"caption\":\"Utomhussk\u00e5p US 2050\"},{\"@type\":\"BreadcrumbList\",\"@id\":\"https:\/\/www.jiwa.se\/en\/chemical-and-gas-cabinets\/chemical-management-and-spillage-protection\/utomhusskap\/#breadcrumb\",\"itemListElement\":[{\"@type\":\"ListItem\",\"position\":1,\"name\":\"JIWA\",\"item\":\"https:\/\/www.jiwa.se\/en\/\"},{\"@type\":\"ListItem\",\"position\":2,\"name\":\"Produkter\",\"item\":\"https:\/\/www.jiwa.se\/butik\/\"},{\"@type\":\"ListItem\",\"position\":3,\"name\":\"F\u00f6rvaringssk\u00e5p &amp; \u00f6vring f\u00f6rvaring\",\"item\":\"https:\/\/www.jiwa.se\/forvaringsskap-och-ovrig-forvaring\/\"},{\"@type\":\"ListItem\",\"position\":4,\"name\":\"F\u00f6rr\u00e5dssk\u00e5p &amp; Containrar\",\"item\":\"https:\/\/www.jiwa.se\/forvaringsskap-och-ovrig-forvaring\/forradscontainrar\/\"},{\"@type\":\"ListItem\",\"position\":5,\"name\":\"Outdoor cabinet\"}]},{\"@type\":\"WebSite\",\"@id\":\"https:\/\/www.jiwa.se\/en\/#website\",\"url\":\"https:\/\/www.jiwa.se\/en\/\",\"name\":\"JiWa\",\"description\":\"\",\"potentialAction\":[{\"@type\":\"SearchAction\",\"target\":{\"@type\":\"EntryPoint\",\"urlTemplate\":\"https:\/\/www.jiwa.se\/en\/?s={search_term_string}\"},\"query-input\":{\"@type\":\"PropertyValueSpecification\",\"valueRequired\":true,\"valueName\":\"search_term_string\"}}],\"inLanguage\":\"en-US\"}]}<\/script>\n<!-- \/ Yoast SEO plugin. -->","yoast_head_json":{"title":"Outdoor cabinet - JiWa","robots":{"index":"index","follow":"follow","max-snippet":"max-snippet:-1","max-image-preview":"max-image-preview:large","max-video-preview":"max-video-preview:-1"},"canonical":"https:\/\/www.jiwa.se\/en\/chemical-and-gas-cabinets\/chemical-management-and-spillage-protection\/utomhusskap\/","og_locale":"en_US","og_type":"article","og_title":"Outdoor cabinet - JiWa","og_description":"Made from galvanized sheet metal for outdoor storage","og_url":"https:\/\/www.jiwa.se\/en\/chemical-and-gas-cabinets\/chemical-management-and-spillage-protection\/utomhusskap\/","og_site_name":"JiWa","article_modified_time":"2017-06-20T08:53:59+00:00","og_image":[{"width":800,"height":1074,"url":"https:\/\/www.jiwa.se\/wp-content\/uploads\/2017\/02\/us2050.jpg","type":"image\/jpeg"}],"twitter_card":"summary_large_image","twitter_misc":{"Est. reading time":"2 minutes"},"schema":{"@context":"https:\/\/schema.org","@graph":[{"@type":"WebPage","@id":"https:\/\/www.jiwa.se\/en\/chemical-and-gas-cabinets\/chemical-management-and-spillage-protection\/utomhusskap\/","url":"https:\/\/www.jiwa.se\/en\/chemical-and-gas-cabinets\/chemical-management-and-spillage-protection\/utomhusskap\/","name":"Outdoor cabinet - JiWa","isPartOf":{"@id":"https:\/\/www.jiwa.se\/en\/#website"},"primaryImageOfPage":{"@id":"https:\/\/www.jiwa.se\/en\/chemical-and-gas-cabinets\/chemical-management-and-spillage-protection\/utomhusskap\/#primaryimage"},"image":{"@id":"https:\/\/www.jiwa.se\/en\/chemical-and-gas-cabinets\/chemical-management-and-spillage-protection\/utomhusskap\/#primaryimage"},"thumbnailUrl":"https:\/\/www.jiwa.se\/wp-content\/uploads\/2017\/02\/us2050.jpg","datePublished":"2017-02-27T12:57:52+00:00","dateModified":"2017-06-20T08:53:59+00:00","breadcrumb":{"@id":"https:\/\/www.jiwa.se\/en\/chemical-and-gas-cabinets\/chemical-management-and-spillage-protection\/utomhusskap\/#breadcrumb"},"inLanguage":"en-US","potentialAction":[{"@type":"ReadAction","target":["https:\/\/www.jiwa.se\/en\/chemical-and-gas-cabinets\/chemical-management-and-spillage-protection\/utomhusskap\/"]}]},{"@type":"ImageObject","inLanguage":"en-US","@id":"https:\/\/www.jiwa.se\/en\/chemical-and-gas-cabinets\/chemical-management-and-spillage-protection\/utomhusskap\/#primaryimage","url":"https:\/\/www.jiwa.se\/wp-content\/uploads\/2017\/02\/us2050.jpg","contentUrl":"https:\/\/www.jiwa.se\/wp-content\/uploads\/2017\/02\/us2050.jpg","width":800,"height":1074,"caption":"Utomhussk\u00e5p US 2050"},{"@type":"BreadcrumbList","@id":"https:\/\/www.jiwa.se\/en\/chemical-and-gas-cabinets\/chemical-management-and-spillage-protection\/utomhusskap\/#breadcrumb","itemListElement":[{"@type":"ListItem","position":1,"name":"JIWA","item":"https:\/\/www.jiwa.se\/en\/"},{"@type":"ListItem","position":2,"name":"Produkter","item":"https:\/\/www.jiwa.se\/butik\/"},{"@type":"ListItem","position":3,"name":"F\u00f6rvaringssk\u00e5p &amp; \u00f6vring f\u00f6rvaring","item":"https:\/\/www.jiwa.se\/forvaringsskap-och-ovrig-forvaring\/"},{"@type":"ListItem","position":4,"name":"F\u00f6rr\u00e5dssk\u00e5p &amp; Containrar","item":"https:\/\/www.jiwa.se\/forvaringsskap-och-ovrig-forvaring\/forradscontainrar\/"},{"@type":"ListItem","position":5,"name":"Outdoor cabinet"}]},{"@type":"WebSite","@id":"https:\/\/www.jiwa.se\/en\/#website","url":"https:\/\/www.jiwa.se\/en\/","name":"JiWa","description":"","potentialAction":[{"@type":"SearchAction","target":{"@type":"EntryPoint","urlTemplate":"https:\/\/www.jiwa.se\/en\/?s={search_term_string}"},"query-input":{"@type":"PropertyValueSpecification","valueRequired":true,"valueName":"search_term_string"}}],"inLanguage":"en-US"}]}},"_links":{"self":[{"href":"https:\/\/www.jiwa.se\/en\/wp-json\/wp\/v2\/product\/1009","targetHints":{"allow":["GET"]}}],"collection":[{"href":"https:\/\/www.jiwa.se\/en\/wp-json\/wp\/v2\/product"}],"about":[{"href":"https:\/\/www.jiwa.se\/en\/wp-json\/wp\/v2\/types\/product"}],"replies":[{"embeddable":true,"href":"https:\/\/www.jiwa.se\/en\/wp-json\/wp\/v2\/comments?post=1009"}],"wp:featuredmedia":[{"embeddable":true,"href":"https:\/\/www.jiwa.se\/en\/wp-json\/wp\/v2\/media\/586"}],"wp:attachment":[{"href":"https:\/\/www.jiwa.se\/en\/wp-json\/wp\/v2\/media?parent=1009"}],"wp:term":[{"taxonomy":"product_brand","embeddable":true,"href":"https:\/\/www.jiwa.se\/en\/wp-json\/wp\/v2\/product_brand?post=1009"},{"taxonomy":"product_cat","embeddable":true,"href":"https:\/\/www.jiwa.se\/en\/wp-json\/wp\/v2\/product_cat?post=1009"},{"taxonomy":"product_tag","embeddable":true,"href":"https:\/\/www.jiwa.se\/en\/wp-json\/wp\/v2\/product_tag?post=1009"}],"curies":[{"name":"wp","href":"https:\/\/api.w.org\/{rel}","templated":true}]}}