{"id":1006,"date":"2017-02-27T15:02:55","date_gmt":"2017-02-27T14:02:55","guid":{"rendered":"http:\/\/jiwa.adaptonline.se\/inbrottsfordrojande-skap\/"},"modified":"2017-07-07T08:41:43","modified_gmt":"2017-07-07T07:41:43","slug":"inbrottsfordrojande-skap","status":"publish","type":"product","link":"https:\/\/www.jiwa.se\/en\/storage-cabinets\/security-cabinet\/inbrottsfordrojande-skap\/","title":{"rendered":"Burglary Delaying Cabinet"},"content":{"rendered":"<div class=\"wpb-content-wrapper\"><p>[vc_row row_type=&#8221;row&#8221; use_row_as_full_screen_section=&#8221;no&#8221; type=&#8221;full_width&#8221; text_align=&#8221;left&#8221; css_animation=&#8221;&#8221;][vc_column][vc_column_text]<strong>Jiwa Burglary Delaying Cabinet JPRO and JFIRE is a series of robust cabinets that are made of stee plates and secured with three-way latch bolts.<\/strong><\/p>\n<p>They are also equipped with a adjustable class B security lock, certified and approved according to SS3880 and EN 1300.<\/p>\n<p>Included with the cabinet are two adjustable keys. In the series there are two JFIRE-cabinets that in addition to the above description also have a double steel construction with fire isolation between the outer and inner walls.[\/vc_column_text][vc_empty_space height=&#8221;15px&#8221;][\/vc_column][\/vc_row][vc_row row_type=&#8221;row&#8221; use_row_as_full_screen_section=&#8221;no&#8221; type=&#8221;full_width&#8221; text_align=&#8221;left&#8221; css_animation=&#8221;&#8221; el_class=&#8221;woo-art&#8221;][vc_column width=&#8221;1\/2&#8243; css=&#8221;.vc_custom_1487840370326{border-right-width: 1px !important;padding-top: 0px !important;border-right-color: #dbdbdb !important;border-right-style: solid !important;}&#8221;][vc_empty_space height=&#8221;15px&#8221;][vc_separator type=&#8221;full_width&#8221; color=&#8221;#dbdbdb&#8221; border_style=&#8221;solid&#8221; thickness=&#8221;1px&#8221;][vc_column_text]<strong>ITEM NO:<\/strong> JPRO1000<br \/>\n<strong>EXT. MEASUREMENTS:<\/strong> H1000 x W575 x D500 mm.<br \/>\n<strong>INT:MEASUREMENTS:<\/strong> H994 x W550 x D450 mm.<br \/>\n<strong>NO OF SHELVES:<\/strong> Two[\/vc_column_text][vc_separator type=&#8221;full_width&#8221; color=&#8221;#dbdbdb&#8221; border_style=&#8221;solid&#8221; thickness=&#8221;1px&#8221;][vc_column_text]<strong>ITEM NO:<\/strong> JPRO1500<br \/>\n<strong>EXT.MEASUREMENTS:<\/strong> H1500 x W575 x D500 mm.<br \/>\n<strong>INT. MEASUREMENTS:<\/strong> H1484 x W550 x D450 mm.<br \/>\n<strong>NO OF SHELVES:<\/strong> Three[\/vc_column_text][vc_separator type=&#8221;full_width&#8221; color=&#8221;#dbdbdb&#8221; border_style=&#8221;solid&#8221; thickness=&#8221;1px&#8221;][vc_column_text]<strong>ITEM NO:<\/strong> JPRO1900<br \/>\n<strong>EXT. MEASUREMENTS:<\/strong> H1900 x W575 x D500 mm.<br \/>\n<strong>INT. MEASUREMENTS:<\/strong> H1894 x W550 x D450 mm.<br \/>\n<strong>NO OF SHELVES:<\/strong> Four[\/vc_column_text][vc_separator type=&#8221;full_width&#8221; color=&#8221;#dbdbdb&#8221; border_style=&#8221;solid&#8221; thickness=&#8221;1px&#8221;][vc_column_text]<strong>ITEM NO:<\/strong> JPRO1900\/2<br \/>\n<strong>EXT. MEASUREMENTS:<\/strong> H1900 x W1000 x D500 mm.<br \/>\n<strong>INT. MEASUREMENTS:<\/strong> H1894 x W970 x D465 mm.<br \/>\n<strong>NO OF SHELVES:<\/strong> Four[\/vc_column_text][vc_separator type=&#8221;full_width&#8221; color=&#8221;#dbdbdb&#8221; border_style=&#8221;solid&#8221; thickness=&#8221;1px&#8221;][vc_column_text]<strong>ITEM NO:<\/strong> JFIRE1500<br \/>\n<strong>EXT. MEASUREMENTS:<\/strong> H1500 x W625 x D525 mm.<br \/>\n<strong>INT. MEASUREMENTS:<\/strong> H1444 x W550 x D450 mm.<br \/>\n<strong>NO OF SHELVES:<\/strong> Four[\/vc_column_text][vc_separator type=&#8221;full_width&#8221; color=&#8221;#dbdbdb&#8221; border_style=&#8221;solid&#8221; thickness=&#8221;1px&#8221;][vc_column_text]<strong>ITEM NO:<\/strong> JFIRE1900\/2<br \/>\n<strong>EXT. MEASUREMENTS:<\/strong> H1900 x W1050 x D525 mm.<br \/>\n<strong>INT. MEASUREMENTS:<\/strong> H1854 x W970 x D465 mm.<br \/>\n<strong>NO OF SHELVES:<\/strong> Four[\/vc_column_text][vc_separator type=&#8221;full_width&#8221; color=&#8221;#dbdbdb&#8221; border_style=&#8221;solid&#8221; thickness=&#8221;1px&#8221;][vc_empty_space height=&#8221;15px&#8221;][\/vc_column][vc_column width=&#8221;1\/2&#8243;][vc_empty_space height=&#8221;15px&#8221;][vc_separator type=&#8221;full_width&#8221; color=&#8221;#dbdbdb&#8221; border_style=&#8221;solid&#8221; thickness=&#8221;1px&#8221;][vc_column_text]<\/p>\n<h4>Fittings<\/h4>\n<p>[\/vc_column_text][vc_row_inner row_type=&#8221;row&#8221; type=&#8221;full_width&#8221; use_row_as_full_screen_section_slide=&#8221;no&#8221; text_align=&#8221;center&#8221; css_animation=&#8221;&#8221;][vc_column_inner width=&#8221;1\/2&#8243;][vc_single_image image=&#8221;380&#8243; img_size=&#8221;full&#8221; alignment=&#8221;center&#8221; qode_css_animation=&#8221;&#8221;][vc_column_text]Electronic code-lock[\/vc_column_text][vc_empty_space height=&#8221;15px&#8221;][\/vc_column_inner][vc_column_inner width=&#8221;1\/2&#8243;][vc_single_image image=&#8221;381&#8243; img_size=&#8221;full&#8221; alignment=&#8221;center&#8221; qode_css_animation=&#8221;&#8221;][vc_column_text]Compartment module. Four compartments.<br \/>\nH583 x W450 x D390 mm.[\/vc_column_text][vc_empty_space height=&#8221;15px&#8221;][\/vc_column_inner][\/vc_row_inner][vc_separator type=&#8221;full_width&#8221; color=&#8221;#dbdbdb&#8221; border_style=&#8221;solid&#8221; thickness=&#8221;1px&#8221;][vc_row_inner row_type=&#8221;row&#8221; type=&#8221;full_width&#8221; use_row_as_full_screen_section_slide=&#8221;no&#8221; text_align=&#8221;center&#8221; css_animation=&#8221;&#8221;][vc_column_inner width=&#8221;1\/2&#8243;][vc_single_image image=&#8221;382&#8243; img_size=&#8221;full&#8221; alignment=&#8221;center&#8221; qode_css_animation=&#8221;&#8221;][vc_column_text]Key cassette, 168 hooks for keys.[\/vc_column_text][vc_empty_space height=&#8221;15px&#8221;][\/vc_column_inner][vc_column_inner width=&#8221;1\/2&#8243;][vc_single_image image=&#8221;383&#8243; img_size=&#8221;full&#8221; alignment=&#8221;center&#8221; qode_css_animation=&#8221;&#8221;][vc_column_text]Key cassette, 192 hooks for keys.<br \/>\nAlso avaliable with 504 hooks for keys.[\/vc_column_text][vc_empty_space height=&#8221;15px&#8221;][\/vc_column_inner][\/vc_row_inner][vc_separator type=&#8221;full_width&#8221; color=&#8221;#dbdbdb&#8221; border_style=&#8221;solid&#8221; thickness=&#8221;1px&#8221;][vc_row_inner row_type=&#8221;row&#8221; type=&#8221;full_width&#8221; use_row_as_full_screen_section_slide=&#8221;no&#8221; text_align=&#8221;center&#8221; css_animation=&#8221;&#8221;][vc_column_inner width=&#8221;1\/2&#8243;][vc_single_image image=&#8221;384&#8243; img_size=&#8221;full&#8221; alignment=&#8221;center&#8221; qode_css_animation=&#8221;&#8221;][vc_column_text]Lockable compartment, 150 mm.<br \/>\nH190 x B440 x D310 mm.[\/vc_column_text][vc_empty_space height=&#8221;15px&#8221;][\/vc_column_inner][vc_column_inner width=&#8221;1\/2&#8243;][vc_single_image image=&#8221;385&#8243; img_size=&#8221;full&#8221; alignment=&#8221;center&#8221; qode_css_animation=&#8221;&#8221;][vc_column_text]Lockable compartment, 340 mm.<br \/>\nH380 x B445 x D340mm.[\/vc_column_text][vc_empty_space height=&#8221;15px&#8221;][\/vc_column_inner][\/vc_row_inner][vc_separator type=&#8221;full_width&#8221; color=&#8221;#dbdbdb&#8221; border_style=&#8221;solid&#8221; thickness=&#8221;1px&#8221;][vc_row_inner row_type=&#8221;row&#8221; type=&#8221;full_width&#8221; use_row_as_full_screen_section_slide=&#8221;no&#8221; text_align=&#8221;center&#8221; css_animation=&#8221;&#8221;][vc_column_inner width=&#8221;1\/2&#8243;][vc_single_image image=&#8221;386&#8243; img_size=&#8221;full&#8221; alignment=&#8221;center&#8221; qode_css_animation=&#8221;&#8221;][vc_column_text]Lockable compartment fitted with code-lock.<br \/>\nH190 x B440 x D310 mm.[\/vc_column_text][vc_empty_space height=&#8221;15px&#8221;][\/vc_column_inner][vc_column_inner width=&#8221;1\/2&#8243;][vc_single_image image=&#8221;387&#8243; img_size=&#8221;full&#8221; alignment=&#8221;center&#8221; qode_css_animation=&#8221;&#8221;][vc_column_text]Laptop-holder, two compartments<br \/>\nH225 x B150 X D320 mm.[\/vc_column_text][vc_empty_space height=&#8221;15px&#8221;][\/vc_column_inner][\/vc_row_inner][vc_separator type=&#8221;full_width&#8221; color=&#8221;#dbdbdb&#8221; border_style=&#8221;solid&#8221; thickness=&#8221;1px&#8221;][vc_row_inner row_type=&#8221;row&#8221; type=&#8221;full_width&#8221; use_row_as_full_screen_section_slide=&#8221;no&#8221; text_align=&#8221;center&#8221; css_animation=&#8221;&#8221;][vc_column_inner width=&#8221;1\/2&#8243;][vc_single_image image=&#8221;388&#8243; img_size=&#8221;full&#8221; alignment=&#8221;center&#8221; qode_css_animation=&#8221;&#8221;][vc_column_text]Keyhooks, set of six hooks[\/vc_column_text][vc_empty_space height=&#8221;15px&#8221;][\/vc_column_inner][vc_column_inner width=&#8221;1\/2&#8243;][vc_single_image image=&#8221;389&#8243; img_size=&#8221;full&#8221; alignment=&#8221;center&#8221; qode_css_animation=&#8221;&#8221;][vc_column_text]Fire proof boxes, two sizes[\/vc_column_text][vc_empty_space height=&#8221;15px&#8221;][\/vc_column_inner][\/vc_row_inner][vc_empty_space height=&#8221;15px&#8221;][vc_column_text]Misc. Fittings[\/vc_column_text][vc_column_text]Extra shelf<br \/>\nExtensible shelf<br \/>\nExtensible hanging folder attatchment[\/vc_column_text][vc_separator type=&#8221;full_width&#8221; color=&#8221;#dbdbdb&#8221; border_style=&#8221;solid&#8221; thickness=&#8221;1px&#8221;][vc_empty_space height=&#8221;15px&#8221;][vc_row_inner row_type=&#8221;row&#8221; type=&#8221;full_width&#8221; use_row_as_full_screen_section_slide=&#8221;no&#8221; text_align=&#8221;left&#8221; css_animation=&#8221;&#8221;][vc_column_inner width=&#8221;1\/4&#8243;][vc_empty_space height=&#8221;5px&#8221;][vc_single_image image=&#8221;208&#8243; img_size=&#8221;full&#8221; alignment=&#8221;center&#8221; onclick=&#8221;custom_link&#8221; img_link_target=&#8221;_blank&#8221; qode_css_animation=&#8221;&#8221; link=&#8221;https:\/\/www.jiwa.se\/wp-content\/uploads\/2017\/02\/b11-Inbrottsfo\u0308rdrojande-skap1.pdf&#8221;][\/vc_column_inner][vc_column_inner width=&#8221;3\/4&#8243;][vc_column_text]<a href=\"https:\/\/www.jiwa.se\/wp-content\/uploads\/2017\/02\/b11-Inbrottsfo\u0308rdrojande-skap1.pdf\" target=\"_blank\" rel=\"noopener\">Download product sheet &#8211; Burglary Delaying Cabinet (Swedish text)<\/a>[\/vc_column_text][\/vc_column_inner][\/vc_row_inner][\/vc_column][\/vc_row]<\/p>\n<\/div>","protected":false},"excerpt":{"rendered":"<p>Robust steel cabinets<\/p>\n","protected":false},"featured_media":613,"comment_status":"closed","ping_status":"closed","template":"","meta":{"_acf_changed":false},"product_brand":[],"product_cat":[54],"product_tag":[],"class_list":{"0":"post-1006","1":"product","2":"type-product","3":"status-publish","4":"has-post-thumbnail","6":"product_cat-security-cabinet","8":"first","9":"instock","10":"taxable","11":"shipping-taxable","12":"product-type-simple"},"acf":[],"yoast_head":"<!-- This site is optimized with the Yoast SEO plugin v27.1.1 - https:\/\/yoast.com\/product\/yoast-seo-wordpress\/ -->\n<title>Burglary Delaying Cabinet - JiWa<\/title>\n<meta name=\"robots\" content=\"index, follow, max-snippet:-1, max-image-preview:large, max-video-preview:-1\" \/>\n<link rel=\"canonical\" href=\"https:\/\/www.jiwa.se\/en\/storage-cabinets\/security-cabinet\/inbrottsfordrojande-skap\/\" \/>\n<meta property=\"og:locale\" content=\"en_US\" \/>\n<meta property=\"og:type\" content=\"article\" \/>\n<meta property=\"og:title\" content=\"Burglary Delaying Cabinet - JiWa\" \/>\n<meta property=\"og:description\" content=\"Robust steel cabinets\" \/>\n<meta property=\"og:url\" content=\"https:\/\/www.jiwa.se\/en\/storage-cabinets\/security-cabinet\/inbrottsfordrojande-skap\/\" \/>\n<meta property=\"og:site_name\" content=\"JiWa\" \/>\n<meta property=\"article:modified_time\" content=\"2017-07-07T07:41:43+00:00\" \/>\n<meta property=\"og:image\" content=\"https:\/\/www.jiwa.se\/wp-content\/uploads\/2017\/02\/ifsa.jpg\" \/>\n\t<meta property=\"og:image:width\" content=\"800\" \/>\n\t<meta property=\"og:image:height\" content=\"1074\" \/>\n\t<meta property=\"og:image:type\" content=\"image\/jpeg\" \/>\n<meta name=\"twitter:card\" content=\"summary_large_image\" \/>\n<meta name=\"twitter:label1\" content=\"Est. reading time\" \/>\n\t<meta name=\"twitter:data1\" content=\"6 minutes\" \/>\n<script type=\"application\/ld+json\" class=\"yoast-schema-graph\">{\"@context\":\"https:\/\/schema.org\",\"@graph\":[{\"@type\":\"WebPage\",\"@id\":\"https:\/\/www.jiwa.se\/en\/storage-cabinets\/security-cabinet\/inbrottsfordrojande-skap\/\",\"url\":\"https:\/\/www.jiwa.se\/en\/storage-cabinets\/security-cabinet\/inbrottsfordrojande-skap\/\",\"name\":\"Burglary Delaying Cabinet - JiWa\",\"isPartOf\":{\"@id\":\"https:\/\/www.jiwa.se\/en\/#website\"},\"primaryImageOfPage\":{\"@id\":\"https:\/\/www.jiwa.se\/en\/storage-cabinets\/security-cabinet\/inbrottsfordrojande-skap\/#primaryimage\"},\"image\":{\"@id\":\"https:\/\/www.jiwa.se\/en\/storage-cabinets\/security-cabinet\/inbrottsfordrojande-skap\/#primaryimage\"},\"thumbnailUrl\":\"https:\/\/www.jiwa.se\/wp-content\/uploads\/2017\/02\/ifsa.jpg\",\"datePublished\":\"2017-02-27T14:02:55+00:00\",\"dateModified\":\"2017-07-07T07:41:43+00:00\",\"breadcrumb\":{\"@id\":\"https:\/\/www.jiwa.se\/en\/storage-cabinets\/security-cabinet\/inbrottsfordrojande-skap\/#breadcrumb\"},\"inLanguage\":\"en-US\",\"potentialAction\":[{\"@type\":\"ReadAction\",\"target\":[\"https:\/\/www.jiwa.se\/en\/storage-cabinets\/security-cabinet\/inbrottsfordrojande-skap\/\"]}]},{\"@type\":\"ImageObject\",\"inLanguage\":\"en-US\",\"@id\":\"https:\/\/www.jiwa.se\/en\/storage-cabinets\/security-cabinet\/inbrottsfordrojande-skap\/#primaryimage\",\"url\":\"https:\/\/www.jiwa.se\/wp-content\/uploads\/2017\/02\/ifsa.jpg\",\"contentUrl\":\"https:\/\/www.jiwa.se\/wp-content\/uploads\/2017\/02\/ifsa.jpg\",\"width\":800,\"height\":1074,\"caption\":\"Inbrottsf\u00f6rdr\u00f6jande sk\u00e5p JPRO1900\/2\"},{\"@type\":\"BreadcrumbList\",\"@id\":\"https:\/\/www.jiwa.se\/en\/storage-cabinets\/security-cabinet\/inbrottsfordrojande-skap\/#breadcrumb\",\"itemListElement\":[{\"@type\":\"ListItem\",\"position\":1,\"name\":\"JIWA\",\"item\":\"https:\/\/www.jiwa.se\/en\/\"},{\"@type\":\"ListItem\",\"position\":2,\"name\":\"Produkter\",\"item\":\"https:\/\/www.jiwa.se\/butik\/\"},{\"@type\":\"ListItem\",\"position\":3,\"name\":\"Storage cabinets\",\"item\":\"https:\/\/www.jiwa.se\/en\/storage-cabinets\/\"},{\"@type\":\"ListItem\",\"position\":4,\"name\":\"Security cabinet\",\"item\":\"https:\/\/www.jiwa.se\/en\/storage-cabinets\/security-cabinet\/\"},{\"@type\":\"ListItem\",\"position\":5,\"name\":\"Burglary Delaying Cabinet\"}]},{\"@type\":\"WebSite\",\"@id\":\"https:\/\/www.jiwa.se\/en\/#website\",\"url\":\"https:\/\/www.jiwa.se\/en\/\",\"name\":\"JiWa\",\"description\":\"\",\"potentialAction\":[{\"@type\":\"SearchAction\",\"target\":{\"@type\":\"EntryPoint\",\"urlTemplate\":\"https:\/\/www.jiwa.se\/en\/?s={search_term_string}\"},\"query-input\":{\"@type\":\"PropertyValueSpecification\",\"valueRequired\":true,\"valueName\":\"search_term_string\"}}],\"inLanguage\":\"en-US\"}]}<\/script>\n<!-- \/ Yoast SEO plugin. -->","yoast_head_json":{"title":"Burglary Delaying Cabinet - JiWa","robots":{"index":"index","follow":"follow","max-snippet":"max-snippet:-1","max-image-preview":"max-image-preview:large","max-video-preview":"max-video-preview:-1"},"canonical":"https:\/\/www.jiwa.se\/en\/storage-cabinets\/security-cabinet\/inbrottsfordrojande-skap\/","og_locale":"en_US","og_type":"article","og_title":"Burglary Delaying Cabinet - JiWa","og_description":"Robust steel cabinets","og_url":"https:\/\/www.jiwa.se\/en\/storage-cabinets\/security-cabinet\/inbrottsfordrojande-skap\/","og_site_name":"JiWa","article_modified_time":"2017-07-07T07:41:43+00:00","og_image":[{"width":800,"height":1074,"url":"https:\/\/www.jiwa.se\/wp-content\/uploads\/2017\/02\/ifsa.jpg","type":"image\/jpeg"}],"twitter_card":"summary_large_image","twitter_misc":{"Est. reading time":"6 minutes"},"schema":{"@context":"https:\/\/schema.org","@graph":[{"@type":"WebPage","@id":"https:\/\/www.jiwa.se\/en\/storage-cabinets\/security-cabinet\/inbrottsfordrojande-skap\/","url":"https:\/\/www.jiwa.se\/en\/storage-cabinets\/security-cabinet\/inbrottsfordrojande-skap\/","name":"Burglary Delaying Cabinet - JiWa","isPartOf":{"@id":"https:\/\/www.jiwa.se\/en\/#website"},"primaryImageOfPage":{"@id":"https:\/\/www.jiwa.se\/en\/storage-cabinets\/security-cabinet\/inbrottsfordrojande-skap\/#primaryimage"},"image":{"@id":"https:\/\/www.jiwa.se\/en\/storage-cabinets\/security-cabinet\/inbrottsfordrojande-skap\/#primaryimage"},"thumbnailUrl":"https:\/\/www.jiwa.se\/wp-content\/uploads\/2017\/02\/ifsa.jpg","datePublished":"2017-02-27T14:02:55+00:00","dateModified":"2017-07-07T07:41:43+00:00","breadcrumb":{"@id":"https:\/\/www.jiwa.se\/en\/storage-cabinets\/security-cabinet\/inbrottsfordrojande-skap\/#breadcrumb"},"inLanguage":"en-US","potentialAction":[{"@type":"ReadAction","target":["https:\/\/www.jiwa.se\/en\/storage-cabinets\/security-cabinet\/inbrottsfordrojande-skap\/"]}]},{"@type":"ImageObject","inLanguage":"en-US","@id":"https:\/\/www.jiwa.se\/en\/storage-cabinets\/security-cabinet\/inbrottsfordrojande-skap\/#primaryimage","url":"https:\/\/www.jiwa.se\/wp-content\/uploads\/2017\/02\/ifsa.jpg","contentUrl":"https:\/\/www.jiwa.se\/wp-content\/uploads\/2017\/02\/ifsa.jpg","width":800,"height":1074,"caption":"Inbrottsf\u00f6rdr\u00f6jande sk\u00e5p JPRO1900\/2"},{"@type":"BreadcrumbList","@id":"https:\/\/www.jiwa.se\/en\/storage-cabinets\/security-cabinet\/inbrottsfordrojande-skap\/#breadcrumb","itemListElement":[{"@type":"ListItem","position":1,"name":"JIWA","item":"https:\/\/www.jiwa.se\/en\/"},{"@type":"ListItem","position":2,"name":"Produkter","item":"https:\/\/www.jiwa.se\/butik\/"},{"@type":"ListItem","position":3,"name":"Storage cabinets","item":"https:\/\/www.jiwa.se\/en\/storage-cabinets\/"},{"@type":"ListItem","position":4,"name":"Security cabinet","item":"https:\/\/www.jiwa.se\/en\/storage-cabinets\/security-cabinet\/"},{"@type":"ListItem","position":5,"name":"Burglary Delaying Cabinet"}]},{"@type":"WebSite","@id":"https:\/\/www.jiwa.se\/en\/#website","url":"https:\/\/www.jiwa.se\/en\/","name":"JiWa","description":"","potentialAction":[{"@type":"SearchAction","target":{"@type":"EntryPoint","urlTemplate":"https:\/\/www.jiwa.se\/en\/?s={search_term_string}"},"query-input":{"@type":"PropertyValueSpecification","valueRequired":true,"valueName":"search_term_string"}}],"inLanguage":"en-US"}]}},"_links":{"self":[{"href":"https:\/\/www.jiwa.se\/en\/wp-json\/wp\/v2\/product\/1006","targetHints":{"allow":["GET"]}}],"collection":[{"href":"https:\/\/www.jiwa.se\/en\/wp-json\/wp\/v2\/product"}],"about":[{"href":"https:\/\/www.jiwa.se\/en\/wp-json\/wp\/v2\/types\/product"}],"replies":[{"embeddable":true,"href":"https:\/\/www.jiwa.se\/en\/wp-json\/wp\/v2\/comments?post=1006"}],"wp:featuredmedia":[{"embeddable":true,"href":"https:\/\/www.jiwa.se\/en\/wp-json\/wp\/v2\/media\/613"}],"wp:attachment":[{"href":"https:\/\/www.jiwa.se\/en\/wp-json\/wp\/v2\/media?parent=1006"}],"wp:term":[{"taxonomy":"product_brand","embeddable":true,"href":"https:\/\/www.jiwa.se\/en\/wp-json\/wp\/v2\/product_brand?post=1006"},{"taxonomy":"product_cat","embeddable":true,"href":"https:\/\/www.jiwa.se\/en\/wp-json\/wp\/v2\/product_cat?post=1006"},{"taxonomy":"product_tag","embeddable":true,"href":"https:\/\/www.jiwa.se\/en\/wp-json\/wp\/v2\/product_tag?post=1006"}],"curies":[{"name":"wp","href":"https:\/\/api.w.org\/{rel}","templated":true}]}}